{"id":2054,"date":"2024-12-18T02:09:38","date_gmt":"2024-12-18T02:09:38","guid":{"rendered":"https:\/\/demo.7iquid.com\/advitex\/?page_id=2054"},"modified":"2025-08-07T10:52:47","modified_gmt":"2025-08-07T13:52:47","slug":"about","status":"publish","type":"page","link":"https:\/\/90dias.grupofounders.com\/wp\/about\/","title":{"rendered":"About"},"content":{"rendered":"\t\t<div data-elementor-type=\"wp-page\" data-elementor-id=\"2054\" class=\"elementor elementor-2054\" data-elementor-post-type=\"page\">\n\t\t\t\t<div class=\"elementor-element elementor-element-4c896827 e-con-full e-flex advitex-background-animation-none e-con e-parent\" data-id=\"4c896827\" data-element_type=\"container\" data-e-type=\"container\" data-settings=\"{&quot;background_background&quot;:&quot;classic&quot;}\">\n\t\t\t\t<div class=\"elementor-element elementor-element-60c04f32 e-flex e-con-boxed advitex-background-animation-none e-con e-child\" data-id=\"60c04f32\" data-element_type=\"container\" data-e-type=\"container\" data-settings=\"{&quot;background_background&quot;:&quot;classic&quot;}\">\n\t\t\t\t\t\t\t<div class=\"e-con-inner\">\n\t\t<div class=\"elementor-element elementor-element-7015449 e-con-full e-flex advitex-background-animation-none e-con e-child\" data-id=\"7015449\" data-element_type=\"container\" data-e-type=\"container\">\n\t\t\t\t\t\t<div class=\"elementor-element elementor-element-f2e3ee2 elementor-absolute e-transform method-none elementor-widget elementor-widget-advitex_image\" data-id=\"f2e3ee2\" data-element_type=\"widget\" data-e-type=\"widget\" data-settings=\"{&quot;_position&quot;:&quot;absolute&quot;,&quot;_transform_flipX_effect&quot;:&quot;transform&quot;,&quot;motion_effect_method&quot;:&quot;none&quot;}\" data-widget_type=\"advitex_image.default\">\n\t\t\t\t<div class=\"elementor-widget-container\">\n\t\t\t\t\t \r\n<div class=\"advitex-image-el animation-type-parallax\" data-offsetX=\"{&quot;unit&quot;:&quot;px&quot;,&quot;size&quot;:&quot;&quot;,&quot;sizes&quot;:[]}\" data-offsetY=\"{&quot;unit&quot;:&quot;px&quot;,&quot;size&quot;:100,&quot;sizes&quot;:[]}\">\t\r\n\t<div class=\"image-wrap\">\r\n\t\t\r\n\t<\/div>\r\n<\/div>\r\n\t\t\t\t<\/div>\n\t\t\t\t<\/div>\n\t\t\t\t<div class=\"elementor-element elementor-element-233cd4b elementor-widget__width-initial method-none elementor-widget elementor-widget-advitex_heading\" data-id=\"233cd4b\" data-element_type=\"widget\" data-e-type=\"widget\" data-settings=\"{&quot;motion_effect_method&quot;:&quot;none&quot;}\" data-widget_type=\"advitex_heading.default\">\n\t\t\t\t<div class=\"elementor-widget-container\">\n\t\t\t\t\t\r\n<div class=\"advitex-heading-el layout-01 hover-type-none\" data-split=\"chars\" data-animate=\"in-fade\" data-animateDuration=\"0.8\">    \r\n    <h2 class=\"heading-text\">Somos m\u00e1s que una incubadora.<br> Somos una comunidad que transforma.\n<\/h2>  \r\n<\/div>\t\t\t\t<\/div>\n\t\t\t\t<\/div>\n\t\t\t\t<\/div>\n\t\t\t\t\t<\/div>\n\t\t\t\t<\/div>\n\t\t<div class=\"elementor-element elementor-element-74661752 e-con-full e-flex advitex-background-animation-none e-con e-child\" data-id=\"74661752\" data-element_type=\"container\" data-e-type=\"container\" data-settings=\"{&quot;background_background&quot;:&quot;classic&quot;}\">\n\t\t\t\t<div class=\"elementor-element elementor-element-2fa5ba8e e-flex e-con-boxed advitex-background-animation-none e-con e-child\" data-id=\"2fa5ba8e\" data-element_type=\"container\" data-e-type=\"container\">\n\t\t\t\t\t\t\t<div class=\"e-con-inner\">\n\t\t<div class=\"elementor-element elementor-element-f9a0614 e-con-full e-flex advitex-background-animation-none e-con e-child\" data-id=\"f9a0614\" data-element_type=\"container\" data-e-type=\"container\">\n\t\t\t\t\t\t<div class=\"elementor-element elementor-element-641a5bae elementor-widget__width-initial method-none elementor-widget elementor-widget-advitex_image_width_mask\" data-id=\"641a5bae\" data-element_type=\"widget\" data-e-type=\"widget\" data-settings=\"{&quot;motion_effect_method&quot;:&quot;none&quot;}\" data-widget_type=\"advitex_image_width_mask.default\">\n\t\t\t\t<div class=\"elementor-widget-container\">\n\t\t\t\t\t \r\n<div class=\"advitex-image-width-mask-el mask-layout-1\">\t\r\n\t<div class=\"image-inner\">\r\n\t\t<img fetchpriority=\"high\" decoding=\"async\" src=\"https:\/\/90dias.grupofounders.com\/wp\/wp-content\/uploads\/elementor\/thumbs\/quienes-somos-3-rjo8j62ylxlglnhuj92d4jszqivpexf51v244oovw0.jpg\" width=\"800\" height=\"600\" \/>\t<\/div>\r\n<\/div>\r\n\t\t\t\t<\/div>\n\t\t\t\t<\/div>\n\t\t\t\t<\/div>\n\t\t<div class=\"elementor-element elementor-element-6b4729f1 e-con-full e-flex advitex-background-animation-none e-con e-child\" data-id=\"6b4729f1\" data-element_type=\"container\" data-e-type=\"container\">\n\t\t\t\t\t\t<div class=\"elementor-element elementor-element-64ce133a elementor-widget__width-initial method-none elementor-widget elementor-widget-advitex_heading\" data-id=\"64ce133a\" data-element_type=\"widget\" data-e-type=\"widget\" data-settings=\"{&quot;motion_effect_method&quot;:&quot;none&quot;}\" data-widget_type=\"advitex_heading.default\">\n\t\t\t\t<div class=\"elementor-widget-container\">\n\t\t\t\t\t\r\n<div class=\"advitex-heading-el layout-01 hover-type-none\" data-split=\"chars\" data-animate=\"in-fade\" data-animateDuration=\"0.8\">    \r\n    <h2 class=\"heading-text\">Founders es un equipo que acompa\u00f1a a \nemprendedores reales a construir empresas reales.<\/h2>  \r\n<\/div>\t\t\t\t<\/div>\n\t\t\t\t<\/div>\n\t\t\t\t<div class=\"elementor-element elementor-element-465f81d6 elementor-widget__width-initial elementor-widget-tablet__width-inherit method-none elementor-widget elementor-widget-advitex_heading\" data-id=\"465f81d6\" data-element_type=\"widget\" data-e-type=\"widget\" data-settings=\"{&quot;motion_effect_method&quot;:&quot;none&quot;}\" data-widget_type=\"advitex_heading.default\">\n\t\t\t\t<div class=\"elementor-widget-container\">\n\t\t\t\t\t\r\n<div class=\"advitex-heading-el layout-01 hover-type-none\" data-split=\"none\" data-animate=\"none\" data-animateDuration=\"0.8\">    \r\n    <div class=\"heading-text\">En Grupo Founders ayudamos a emprendedores, l\u00edderes y empresas a construir con prop\u00f3sito, claridad y estructura. Desde la idea inicial hasta la expansi\u00f3n global, estamos presentes en cada etapa. Con m\u00e1s de 15 a\u00f1os de trayectoria, impulsamos ideas, negocios y personas, desde los primeros pasos hasta su consolidaci\u00f3n o escalamiento.<\/div>  \r\n<\/div>\t\t\t\t<\/div>\n\t\t\t\t<\/div>\n\t\t\t\t<div class=\"elementor-element elementor-element-3c5cbac3 elementor-widget__width-initial elementor-widget-tablet__width-inherit method-none elementor-widget elementor-widget-advitex_heading\" data-id=\"3c5cbac3\" data-element_type=\"widget\" data-e-type=\"widget\" data-settings=\"{&quot;motion_effect_method&quot;:&quot;none&quot;}\" data-widget_type=\"advitex_heading.default\">\n\t\t\t\t<div class=\"elementor-widget-container\">\n\t\t\t\t\t\r\n<div class=\"advitex-heading-el layout-01 hover-type-none\" data-split=\"none\" data-animate=\"none\" data-animateDuration=\"0.8\">    \r\n    <div class=\"heading-text\">Nacimos con una convicci\u00f3n: el cambio social profundo no vendr\u00e1 solo desde la pol\u00edtica o las grandes corporaciones, sino desde personas decididas a emprender con prop\u00f3sito. Por eso creamos un ecosistema que no solo brinda herramientas t\u00e9cnicas, sino que tambi\u00e9n trabaja sobre el Ser, el Hacer y el Lograr, acompa\u00f1ando cada etapa del camino emprendedor con comunidad, estructura y visi\u00f3n. A esta metodolog\u00eda la llamamos Founders Checkpoints.\n<\/div>  \r\n<\/div>\t\t\t\t<\/div>\n\t\t\t\t<\/div>\n\t\t\t\t<div class=\"elementor-element elementor-element-20c5b05 elementor-widget__width-initial elementor-widget-tablet__width-inherit method-none elementor-widget elementor-widget-advitex_heading\" data-id=\"20c5b05\" data-element_type=\"widget\" data-e-type=\"widget\" data-settings=\"{&quot;motion_effect_method&quot;:&quot;none&quot;}\" data-widget_type=\"advitex_heading.default\">\n\t\t\t\t<div class=\"elementor-widget-container\">\n\t\t\t\t\t\r\n<div class=\"advitex-heading-el layout-01 hover-type-none\" data-split=\"none\" data-animate=\"none\" data-animateDuration=\"0.8\">    \r\n    <div class=\"heading-text\">Tenemos alianzas con referentes internacionales como la fundaci\u00f3n de John C. Maxwell, as\u00ed como con universidades l\u00edderes y organismos p\u00fablicos y privados. Creemos en la cooperaci\u00f3n como motor clave para un impacto profundo y sostenible.\n<\/div>  \r\n<\/div>\t\t\t\t<\/div>\n\t\t\t\t<\/div>\n\t\t\t\t<\/div>\n\t\t\t\t\t<\/div>\n\t\t\t\t<\/div>\n\t\t<div class=\"elementor-element elementor-element-82b3ae2 e-flex e-con-boxed advitex-background-animation-none e-con e-child\" data-id=\"82b3ae2\" data-element_type=\"container\" data-e-type=\"container\" data-settings=\"{&quot;background_background&quot;:&quot;classic&quot;}\">\n\t\t\t\t\t\t\t<div class=\"e-con-inner\">\n\t\t<div class=\"elementor-element elementor-element-e892b0e e-con-full e-flex advitex-background-animation-none e-con e-child\" data-id=\"e892b0e\" data-element_type=\"container\" data-e-type=\"container\">\n\t\t\t\t\t\t<div class=\"elementor-element elementor-element-3c92c82 elementor-widget__width-initial method-none elementor-widget elementor-widget-advitex_heading\" data-id=\"3c92c82\" data-element_type=\"widget\" data-e-type=\"widget\" data-settings=\"{&quot;motion_effect_method&quot;:&quot;none&quot;}\" data-widget_type=\"advitex_heading.default\">\n\t\t\t\t<div class=\"elementor-widget-container\">\n\t\t\t\t\t\r\n<div class=\"advitex-heading-el layout-01 hover-type-none\" data-split=\"chars\" data-animate=\"in-fade\" data-animateDuration=\"0.8\">    \r\n    <h2 class=\"heading-text\">MISI\u00d3N:<\/h2>  \r\n<\/div>\t\t\t\t<\/div>\n\t\t\t\t<\/div>\n\t\t\t\t<div class=\"elementor-element elementor-element-0e17bdb elementor-widget__width-initial elementor-widget-tablet__width-inherit method-none elementor-widget elementor-widget-advitex_heading\" data-id=\"0e17bdb\" data-element_type=\"widget\" data-e-type=\"widget\" data-settings=\"{&quot;motion_effect_method&quot;:&quot;none&quot;}\" data-widget_type=\"advitex_heading.default\">\n\t\t\t\t<div class=\"elementor-widget-container\">\n\t\t\t\t\t\r\n<div class=\"advitex-heading-el layout-01 hover-type-none\" data-split=\"none\" data-animate=\"none\" data-animateDuration=\"0.8\">    \r\n    <div class=\"heading-text\">Desarrollar y transformar personas, negocios y comunidades, impulsando el emprendimiento como motor de prop\u00f3sito y cambio sostenible.\n<\/div>  \r\n<\/div>\t\t\t\t<\/div>\n\t\t\t\t<\/div>\n\t\t\t\t<div class=\"elementor-element elementor-element-a77941e elementor-widget__width-initial method-none elementor-widget elementor-widget-advitex_heading\" data-id=\"a77941e\" data-element_type=\"widget\" data-e-type=\"widget\" data-settings=\"{&quot;motion_effect_method&quot;:&quot;none&quot;}\" data-widget_type=\"advitex_heading.default\">\n\t\t\t\t<div class=\"elementor-widget-container\">\n\t\t\t\t\t\r\n<div class=\"advitex-heading-el layout-01 hover-type-none\" data-split=\"chars\" data-animate=\"in-fade\" data-animateDuration=\"0.8\">    \r\n    <h2 class=\"heading-text\">VISI\u00d3N:<\/h2>  \r\n<\/div>\t\t\t\t<\/div>\n\t\t\t\t<\/div>\n\t\t\t\t<div class=\"elementor-element elementor-element-de9811d elementor-widget__width-initial elementor-widget-tablet__width-inherit method-none elementor-widget elementor-widget-advitex_heading\" data-id=\"de9811d\" data-element_type=\"widget\" data-e-type=\"widget\" data-settings=\"{&quot;motion_effect_method&quot;:&quot;none&quot;}\" data-widget_type=\"advitex_heading.default\">\n\t\t\t\t<div class=\"elementor-widget-container\">\n\t\t\t\t\t\r\n<div class=\"advitex-heading-el layout-01 hover-type-none\" data-split=\"none\" data-animate=\"none\" data-animateDuration=\"0.8\">    \r\n    <div class=\"heading-text\">Ser reconocidos como la incubadora y aceleradora l\u00edder de Latinoam\u00e9rica, acompa\u00f1ando a un mill\u00f3n de emprendedores a construir empresas vivas, con alma, impacto y prop\u00f3sito, a trav\u00e9s de un modelo probado de desarrollo integral.<\/div>  \r\n<\/div>\t\t\t\t<\/div>\n\t\t\t\t<\/div>\n\t\t\t\t<\/div>\n\t\t<div class=\"elementor-element elementor-element-5cd8d79 e-con-full e-flex advitex-background-animation-none e-con e-child\" data-id=\"5cd8d79\" data-element_type=\"container\" data-e-type=\"container\">\n\t\t\t\t\t\t<div class=\"elementor-element elementor-element-c2977e3 elementor-widget__width-initial method-none elementor-widget elementor-widget-advitex_image_width_mask\" data-id=\"c2977e3\" data-element_type=\"widget\" data-e-type=\"widget\" data-settings=\"{&quot;motion_effect_method&quot;:&quot;none&quot;}\" data-widget_type=\"advitex_image_width_mask.default\">\n\t\t\t\t<div class=\"elementor-widget-container\">\n\t\t\t\t\t \r\n<div class=\"advitex-image-width-mask-el mask-layout-1\">\t\r\n\t<div class=\"image-inner\">\r\n\t\t<img decoding=\"async\" src=\"https:\/\/90dias.grupofounders.com\/wp\/wp-content\/uploads\/elementor\/thumbs\/quienes-somos-4-rjo8j62ylxlglnhuj92d4jszqivpexf51v244oovw0.jpg\" width=\"800\" height=\"600\" \/>\t<\/div>\r\n<\/div>\r\n\t\t\t\t<\/div>\n\t\t\t\t<\/div>\n\t\t\t\t<\/div>\n\t\t\t\t\t<\/div>\n\t\t\t\t<\/div>\n\t\t\t\t<\/div>\n\t\t\t\t<\/div>\n\t\t\t\t<\/div>\n\t\t","protected":false},"excerpt":{"rendered":"<p>Somos m\u00e1s que una incubadora. Somos una comunidad que transforma. Founders es un equipo que acompa\u00f1a a emprendedores reales a construir empresas reales. En Grupo Founders ayudamos a emprendedores, l\u00edderes y empresas a construir con prop\u00f3sito, claridad y estructura. Desde la idea inicial hasta la expansi\u00f3n global, estamos presentes en cada etapa. Con m\u00e1s de [&hellip;]<\/p>\n","protected":false},"author":1,"featured_media":0,"parent":0,"menu_order":0,"comment_status":"closed","ping_status":"closed","template":"","meta":{"footnotes":""},"class_list":["post-2054","page","type-page","status-publish","hentry"],"_links":{"self":[{"href":"https:\/\/90dias.grupofounders.com\/wp\/wp-json\/wp\/v2\/pages\/2054","targetHints":{"allow":["GET"]}}],"collection":[{"href":"https:\/\/90dias.grupofounders.com\/wp\/wp-json\/wp\/v2\/pages"}],"about":[{"href":"https:\/\/90dias.grupofounders.com\/wp\/wp-json\/wp\/v2\/types\/page"}],"author":[{"embeddable":true,"href":"https:\/\/90dias.grupofounders.com\/wp\/wp-json\/wp\/v2\/users\/1"}],"replies":[{"embeddable":true,"href":"https:\/\/90dias.grupofounders.com\/wp\/wp-json\/wp\/v2\/comments?post=2054"}],"version-history":[{"count":103,"href":"https:\/\/90dias.grupofounders.com\/wp\/wp-json\/wp\/v2\/pages\/2054\/revisions"}],"predecessor-version":[{"id":10222,"href":"https:\/\/90dias.grupofounders.com\/wp\/wp-json\/wp\/v2\/pages\/2054\/revisions\/10222"}],"wp:attachment":[{"href":"https:\/\/90dias.grupofounders.com\/wp\/wp-json\/wp\/v2\/media?parent=2054"}],"curies":[{"name":"wp","href":"https:\/\/api.w.org\/{rel}","templated":true}]}}